{"id":16898,"date":"2023-05-31T13:49:58","date_gmt":"2023-05-31T16:49:58","guid":{"rendered":"https:\/\/moveiscasamia.com.br\/?page_id=16898"},"modified":"2025-07-01T14:03:08","modified_gmt":"2025-07-01T17:03:08","slug":"contato","status":"publish","type":"page","link":"https:\/\/moveiscasamia.com.br\/en\/contato\/","title":{"rendered":"Contact"},"content":{"rendered":"<div data-elementor-type=\"wp-page\" data-elementor-id=\"16898\" class=\"elementor elementor-16898\">\n\t\t\t\t\t\t<section class=\"elementor-section elementor-top-section elementor-element elementor-element-2edadc7 elementor-section-boxed elementor-section-height-default elementor-section-height-default wd-section-disabled\" data-id=\"2edadc7\" data-element_type=\"section\">\n\t\t\t\t\t\t<div class=\"elementor-container elementor-column-gap-default\">\n\t\t\t\t\t<div class=\"elementor-column elementor-col-100 elementor-top-column elementor-element elementor-element-89cb2bc\" data-id=\"89cb2bc\" data-element_type=\"column\">\n\t\t\t<div class=\"elementor-widget-wrap elementor-element-populated\">\n\t\t\t\t\t\t<div class=\"elementor-element elementor-element-779d5db5 elementor-widget elementor-widget-wd_title\" data-id=\"779d5db5\" data-element_type=\"widget\" data-widget_type=\"wd_title.default\">\n\t\t\t\t<div class=\"elementor-widget-container\">\n\t\t\t\t\t\t\t\t<link rel=\"stylesheet\" id=\"wd-section-title-css\" href=\"https:\/\/moveiscasamia.com.br\/wp-content\/themes\/woodmart\/css\/parts\/el-section-title.min.css?ver=7.2.5\" type=\"text\/css\" media=\"all\" \/> \t\t\t\t\t<div class=\"title-wrapper set-mb-s reset-last-child wd-title-color-default wd-title-style-default wd-title-size-default text-center\">\n\n\t\t\t\t\t\t\t<div class=\"title-subtitle subtitle-color-default subtitle-style-default wd-fontsize-xs\">\n\t\t\t\t\tANY QUESTIONS?\t\t\t\t<\/div>\n\t\t\t\n\t\t\t<div class=\"liner-continer\">\n\t\t\t\t<h4 class=\"woodmart-title-container title wd-fontsize-l\">GET IN TOUCH WITH US<\/h4> \n\t\t\t\t\t\t\t<\/div>\n\n\t\t\t\t\t<\/div>\n\t\t\t\t\t\t<\/div>\n\t\t\t\t<\/div>\n\t\t\t\t\t<\/div>\n\t\t<\/div>\n\t\t\t\t\t<\/div>\n\t\t<\/section>\n\t\t\t\t<section class=\"elementor-section elementor-top-section elementor-element elementor-element-1c9344a2 elementor-section-boxed elementor-section-height-default elementor-section-height-default wd-section-disabled\" data-id=\"1c9344a2\" data-element_type=\"section\">\n\t\t\t\t\t\t<div class=\"elementor-container elementor-column-gap-default\">\n\t\t\t\t\t<div class=\"elementor-column elementor-col-100 elementor-top-column elementor-element elementor-element-a4e7846\" data-id=\"a4e7846\" data-element_type=\"column\">\n\t\t\t<div class=\"elementor-widget-wrap elementor-element-populated\">\n\t\t\t\t\t\t<div class=\"elementor-element elementor-element-831d2dd elementor-widget elementor-widget-wpforms\" data-id=\"831d2dd\" data-element_type=\"widget\" data-widget_type=\"wpforms.default\">\n\t\t\t\t<div class=\"elementor-widget-container\">\n\t\t\t\t\t<style id=\"wpforms-css-vars-elementor-widget-831d2dd\">\n\t\t\t\t.elementor-widget-wpforms.elementor-element-831d2dd {\n\t\t\t\t--wpforms-button-background-color: #553866;\n--wpforms-field-size-input-height: 50px;\n--wpforms-field-size-input-spacing: 20px;\n--wpforms-field-size-font-size: 18px;\n--wpforms-field-size-line-height: 21px;\n--wpforms-field-size-padding-h: 14px;\n--wpforms-field-size-checkbox-size: 18px;\n--wpforms-field-size-sublabel-spacing: 10px;\n--wpforms-field-size-icon-size: 1.25;\n--wpforms-label-size-font-size: 16px;\n--wpforms-label-size-line-height: 19px;\n--wpforms-label-size-sublabel-font-size: 14px;\n--wpforms-label-size-sublabel-line-height: 17px;\n--wpforms-button-size-font-size: 17px;\n--wpforms-button-size-height: 41px;\n--wpforms-button-size-padding-h: 15px;\n--wpforms-button-size-margin-top: 10px;\n\n\t\t\t}\n\t\t\t<\/style><div class=\"wpforms-container wpforms-container-full wpforms-render-modern\" id=\"wpforms-18961\"><form id=\"wpforms-form-18961\" class=\"wpforms-validate wpforms-form wpforms-ajax-form\" data-formid=\"18961\" method=\"post\" enctype=\"multipart\/form-data\" action=\"\/en\/wp-json\/wp\/v2\/pages\/16898\" data-token=\"b4f65b03c98b69ace46512abf5b2fa16\" data-token-time=\"1776682929\" data-trp-original-action=\"\/en\/wp-json\/wp\/v2\/pages\/16898\"><div class=\"wpforms-head-container\"><div class=\"wpforms-title\">Preencha o formul\u00e1rio e envie suas d\u00favidas, cr\u00edticas ou sugest\u00f5es, nossa equipe est\u00e1 pronta para ouvir voc\u00ea!<\/div><\/div><noscript class=\"wpforms-error-noscript\">Please enable JavaScript in your browser to complete this form.<\/noscript><div class=\"wpforms-hidden\" id=\"wpforms-error-noscript\">Please enable JavaScript in your browser to complete this form.<\/div><div class=\"wpforms-field-container\"><div id=\"wpforms-18961-field_18-container\" class=\"wpforms-field wpforms-field-radio\" data-field-id=\"18\"><fieldset><legend class=\"wpforms-field-label\">A Casamia, em conformidade com as Normativas de Prote\u00e7\u00e3o de Dados, esclarece que a coleta de suas informa\u00e7\u00f5es requer seu consentimento livre e informado, conforme previsto em nossa Pol\u00edtica de Privacidade. <span class=\"wpforms-required-label\" aria-hidden=\"true\">*<\/span><\/legend><ul id=\"wpforms-18961-field_18\" class=\"wpforms-field-required\"><li class=\"choice-1 depth-1\"><input type=\"radio\" id=\"wpforms-18961-field_18_1\" name=\"wpforms[fields][18]\" value=\"Estou ciente da utiliza\u00e7\u00e3o dos meus dados pessoais por parte da empresa.\" aria-errormessage=\"wpforms-18961-field_18_1-error\" required><label class=\"wpforms-field-label-inline\" for=\"wpforms-18961-field_18_1\">Estou ciente da utiliza\u00e7\u00e3o dos meus dados pessoais por parte da empresa.<\/label><\/li><\/ul><\/fieldset><\/div><div id=\"wpforms-18961-field_1-container\" class=\"wpforms-field wpforms-field-name\" data-field-id=\"1\"><label class=\"wpforms-field-label\" for=\"wpforms-18961-field_1\">Nome: <span class=\"wpforms-required-label\" aria-hidden=\"true\">*<\/span><\/label><input type=\"text\" id=\"wpforms-18961-field_1\" class=\"wpforms-field-large wpforms-field-required\" name=\"wpforms[fields][1]\" aria-errormessage=\"wpforms-18961-field_1-error\" required><\/div><div id=\"wpforms-18961-field_13-container\" class=\"wpforms-field wpforms-field-number\" data-field-id=\"13\"><label class=\"wpforms-field-label\" for=\"wpforms-18961-field_13\">Phone: <span class=\"wpforms-required-label\" aria-hidden=\"true\">*<\/span><\/label><input type=\"number\" id=\"wpforms-18961-field_13\" class=\"wpforms-field-large wpforms-field-required\" name=\"wpforms[fields][13]\" step=\"any\" aria-errormessage=\"wpforms-18961-field_13-error\" required><\/div><div id=\"wpforms-18961-field_8-container\" class=\"wpforms-field wpforms-field-email\" data-field-id=\"8\"><label class=\"wpforms-field-label\" for=\"wpforms-18961-field_8\">Email <span class=\"wpforms-required-label\" aria-hidden=\"true\">*<\/span><\/label><input type=\"email\" id=\"wpforms-18961-field_8\" class=\"wpforms-field-large wpforms-field-required\" name=\"wpforms[fields][8]\" spellcheck=\"false\" aria-errormessage=\"wpforms-18961-field_8-error\" required><\/div><div id=\"wpforms-18961-field_12-container\" class=\"wpforms-field wpforms-field-checkbox\" data-field-id=\"12\"><fieldset><legend class=\"wpforms-field-label\">Voc\u00ea \u00e9 consumidor, lojista ou representante? <\/legend><ul id=\"wpforms-18961-field_12\"><li class=\"choice-1 depth-1\"><input type=\"checkbox\" id=\"wpforms-18961-field_12_1\" name=\"wpforms[fields][12][]\" value=\"Consumidor\" aria-errormessage=\"wpforms-18961-field_12_1-error\"  ><label class=\"wpforms-field-label-inline\" for=\"wpforms-18961-field_12_1\">Consumidor<\/label><\/li><li class=\"choice-2 depth-1\"><input type=\"checkbox\" id=\"wpforms-18961-field_12_2\" name=\"wpforms[fields][12][]\" value=\"Lojista\" aria-errormessage=\"wpforms-18961-field_12_2-error\"  ><label class=\"wpforms-field-label-inline\" for=\"wpforms-18961-field_12_2\">Lojista<\/label><\/li><li class=\"choice-3 depth-1\"><input type=\"checkbox\" id=\"wpforms-18961-field_12_3\" name=\"wpforms[fields][12][]\" value=\"Representante\" aria-errormessage=\"wpforms-18961-field_12_3-error\"  ><label class=\"wpforms-field-label-inline\" for=\"wpforms-18961-field_12_3\">Representante<\/label><\/li><\/ul><\/fieldset><\/div><div id=\"wpforms-18961-field_15-container\" class=\"wpforms-field wpforms-field-select wpforms-field-select-style-classic\" data-field-id=\"15\"><label class=\"wpforms-field-label\" for=\"wpforms-18961-field_15\">Estado:<\/label><select id=\"wpforms-18961-field_15\" class=\"wpforms-field-large\" name=\"wpforms[fields][15]\"><option value=\"Acre\" >Acre<\/option><option value=\"Alagoas\" >Alagoas<\/option><option value=\"Amap\u00e1\" >Amap\u00e1<\/option><option value=\"Amazonas\" >Amazonas<\/option><option value=\"Bahia\" >Bahia<\/option><option value=\"Cear\u00e1\" >Cear\u00e1<\/option><option value=\"Distrito Federal\" >Distrito Federal<\/option><option value=\"Esp\u00edrito Santo\" >Esp\u00edrito Santo<\/option><option value=\"Goi\u00e1s\" >Goi\u00e1s<\/option><option value=\"Maranh\u00e3o\" >Maranh\u00e3o<\/option><option value=\"Mato Grosso\" >Mato Grosso<\/option><option value=\"Mato Grosso do Sul\" >Mato Grosso do Sul<\/option><option value=\"Minas Gerais\" >Minas Gerais<\/option><option value=\"Par\u00e1\" >Par\u00e1<\/option><option value=\"Para\u00edba\" >Para\u00edba<\/option><option value=\"Paran\u00e1\" >Paran\u00e1<\/option><option value=\"Pernambuco\" >Pernambuco<\/option><option value=\"Piau\u00ed\" >Piau\u00ed<\/option><option value=\"Rio de Janeiro\" >Rio de Janeiro<\/option><option value=\"Rio Grande do Norte\" >Rio Grande do Norte<\/option><option value=\"Rio Grande do Sul\" >Rio Grande do Sul<\/option><option value=\"Rond\u00f4nia\" >Rond\u00f4nia<\/option><option value=\"Roraima\" >Roraima<\/option><option value=\"Santa Catarina\" >Santa Catarina<\/option><option value=\"S\u00e3o Paulo\" >S\u00e3o Paulo<\/option><option value=\"Sergipe\" >Sergipe<\/option><option value=\"Tocantins\" >Tocantins<\/option><\/select><\/div><div id=\"wpforms-18961-field_17-container\" class=\"wpforms-field wpforms-field-text\" data-field-id=\"17\"><label class=\"wpforms-field-label\" for=\"wpforms-18961-field_17\">Cidade:<\/label><input type=\"text\" id=\"wpforms-18961-field_17\" class=\"wpforms-field-large\" name=\"wpforms[fields][17]\" aria-errormessage=\"wpforms-18961-field_17-error\" ><\/div><div id=\"wpforms-18961-field_14-container\" class=\"wpforms-field wpforms-field-select wpforms-field-select-style-classic\" data-field-id=\"14\"><label class=\"wpforms-field-label\" for=\"wpforms-18961-field_14\">Assunto:<\/label><select id=\"wpforms-18961-field_14\" class=\"wpforms-field-large\" name=\"wpforms[fields][14]\"><option value=\"Comercial\" >Comercial<\/option><option value=\"Marketing\" >Marketing<\/option><option value=\"Oportunidade de Emprego\" >Oportunidade de Emprego<\/option><\/select><\/div><div id=\"wpforms-18961-field_7-container\" class=\"wpforms-field wpforms-field-textarea\" data-field-id=\"7\"><label class=\"wpforms-field-label\" for=\"wpforms-18961-field_7\">Sua mensagem (opcional):<\/label><textarea id=\"wpforms-18961-field_7\" class=\"wpforms-field-large\" name=\"wpforms[fields][7]\" aria-errormessage=\"wpforms-18961-field_7-error\" ><\/textarea><\/div><\/div><!-- .wpforms-field-container --><div class=\"wpforms-submit-container\" ><input type=\"hidden\" name=\"wpforms[id]\" value=\"18961\"><input type=\"hidden\" name=\"page_title\" value=\"\"><input type=\"hidden\" name=\"page_url\" value=\"https:\/\/moveiscasamia.com.br\/en\/wp-json\/wp\/v2\/pages\/16898\"><input type=\"hidden\" name=\"url_referer\" value=\"\"><button type=\"submit\" name=\"wpforms[submit]\" id=\"wpforms-submit-18961\" class=\"wpforms-submit\" data-alt-text=\"Sending...\" data-submit-text=\"Enviar\" aria-live=\"assertive\" value=\"wpforms-submit\">Enviar<\/button><img decoding=\"async\" src=\"https:\/\/moveiscasamia.com.br\/wp-content\/plugins\/wpforms-lite\/assets\/images\/submit-spin.svg\" class=\"wpforms-submit-spinner\" style=\"display: none;\" width=\"26\" height=\"26\" alt=\"Loading\"><\/div><input type=\"hidden\" name=\"trp-form-language\" value=\"en\"\/><\/form><\/div>  <!-- .wpforms-container -->\t\t\t\t<\/div>\n\t\t\t\t<\/div>\n\t\t\t\t<div class=\"elementor-element elementor-element-feaa701 elementor-widget elementor-widget-wd_text_block\" data-id=\"feaa701\" data-element_type=\"widget\" data-widget_type=\"wd_text_block.default\">\n\t\t\t\t<div class=\"elementor-widget-container\">\n\t\t\t\t\t\t\t\t<link rel=\"stylesheet\" id=\"wd-text-block-css\" href=\"https:\/\/moveiscasamia.com.br\/wp-content\/themes\/woodmart\/css\/parts\/el-text-block.min.css?ver=7.2.5\" type=\"text\/css\" media=\"all\" \/> \t\t\t\t\t<div class=\"wd-text-block reset-last-child text-left\">\n\t\t\t\n\t\t\t<p style=\"margin-bottom: 0px; font-style: normal; font-variant-ligatures: normal; font-variant-caps: normal; font-weight: 400; font-size: 18px;\">As soon as your message arrives, it will be directed to our team, who will work to respond as quickly as possible.<\/p><div>\u00a0<\/div>\n\t\t\t\t\t<\/div>\n\t\t\t\t\t\t<\/div>\n\t\t\t\t<\/div>\n\t\t\t\t<div class=\"elementor-element elementor-element-79418b1 elementor-widget elementor-widget-spacer\" data-id=\"79418b1\" data-element_type=\"widget\" data-widget_type=\"spacer.default\">\n\t\t\t\t<div class=\"elementor-widget-container\">\n\t\t\t\t\t\t\t<div class=\"elementor-spacer\">\n\t\t\t<div class=\"elementor-spacer-inner\"><\/div>\n\t\t<\/div>\n\t\t\t\t\t\t<\/div>\n\t\t\t\t<\/div>\n\t\t\t\t<div class=\"elementor-element elementor-element-3afd8bc elementor-widget elementor-widget-wd_title\" data-id=\"3afd8bc\" data-element_type=\"widget\" data-widget_type=\"wd_title.default\">\n\t\t\t\t<div class=\"elementor-widget-container\">\n\t\t\t\t\t\t\t<div class=\"title-wrapper set-mb-s reset-last-child wd-title-color-primary wd-title-style-default wd-title-size-large text-left\">\n\n\t\t\t\n\t\t\t<div class=\"liner-continer\">\n\t\t\t\t<h4 class=\"woodmart-title-container title wd-fontsize-xxl\">CONTACT<\/h4> \n\t\t\t\t\t\t\t<\/div>\n\n\t\t\t\t\t\t\t<div class=\"title-after_title set-cont-mb-s reset-last-child wd-fontsize-s\">\n\t\t\t\t\t<p>Estamos prontos para atender voc\u00ea!<\/p>\t\t\t\t<\/div>\n\t\t\t\t\t<\/div>\n\t\t\t\t\t\t<\/div>\n\t\t\t\t<\/div>\n\t\t\t\t<div class=\"elementor-element elementor-element-a58403e elementor-position-left elementor-view-default elementor-mobile-position-top elementor-vertical-align-top elementor-widget elementor-widget-icon-box\" data-id=\"a58403e\" data-element_type=\"widget\" data-widget_type=\"icon-box.default\">\n\t\t\t\t<div class=\"elementor-widget-container\">\n\t\t\t\t\t\t\t<div class=\"elementor-icon-box-wrapper\">\n\n\t\t\t\t\t\t<div class=\"elementor-icon-box-icon\">\n\t\t\t\t<a href=\"http:\/\/wa.me\/555437011902\" class=\"elementor-icon elementor-animation-\" tabindex=\"-1\">\n\t\t\t\t<i aria-hidden=\"true\" class=\"fas fa-phone-alt\"><\/i>\t\t\t\t<\/a>\n\t\t\t<\/div>\n\t\t\t\n\t\t\t\t\t\t<div class=\"elementor-icon-box-content\">\n\n\t\t\t\t\t\t\t\t\t<h3 class=\"elementor-icon-box-title\">\n\t\t\t\t\t\t<a href=\"http:\/\/wa.me\/555437011902\" >\n\t\t\t\t\t\t\tPhone\t\t\t\t\t\t<\/a>\n\t\t\t\t\t<\/h3>\n\t\t\t\t\n\t\t\t\t\t\t\t\t\t<p class=\"elementor-icon-box-description\">\n\t\t\t\t\t\t(54) 3701 1902\t\t\t\t\t<\/p>\n\t\t\t\t\n\t\t\t<\/div>\n\t\t\t\n\t\t<\/div>\n\t\t\t\t\t\t<\/div>\n\t\t\t\t<\/div>\n\t\t\t\t<div class=\"elementor-element elementor-element-9a55564 elementor-position-left elementor-view-default elementor-mobile-position-top elementor-vertical-align-top elementor-widget elementor-widget-icon-box\" data-id=\"9a55564\" data-element_type=\"widget\" data-widget_type=\"icon-box.default\">\n\t\t\t\t<div class=\"elementor-widget-container\">\n\t\t\t\t\t\t\t<div class=\"elementor-icon-box-wrapper\">\n\n\t\t\t\t\t\t<div class=\"elementor-icon-box-icon\">\n\t\t\t\t<a href=\"mailto:contato@moveiscasamia.com.br\" class=\"elementor-icon elementor-animation-\" tabindex=\"-1\">\n\t\t\t\t<i aria-hidden=\"true\" class=\"fas fa-envelope\"><\/i>\t\t\t\t<\/a>\n\t\t\t<\/div>\n\t\t\t\n\t\t\t\t\t\t<div class=\"elementor-icon-box-content\">\n\n\t\t\t\t\t\t\t\t\t<h3 class=\"elementor-icon-box-title\">\n\t\t\t\t\t\t<a href=\"mailto:contato@moveiscasamia.com.br\" >\n\t\t\t\t\t\t\tEmail\t\t\t\t\t\t<\/a>\n\t\t\t\t\t<\/h3>\n\t\t\t\t\n\t\t\t\t\t\t\t\t\t<p class=\"elementor-icon-box-description\">\n\t\t\t\t\t\t vendas@moveiscasamia.com.br\t\t\t\t\t<\/p>\n\t\t\t\t\n\t\t\t<\/div>\n\t\t\t\n\t\t<\/div>\n\t\t\t\t\t\t<\/div>\n\t\t\t\t<\/div>\n\t\t\t\t<div class=\"elementor-element elementor-element-41b40cf elementor-position-left elementor-view-default elementor-mobile-position-top elementor-vertical-align-top elementor-widget elementor-widget-icon-box\" data-id=\"41b40cf\" data-element_type=\"widget\" data-widget_type=\"icon-box.default\">\n\t\t\t\t<div class=\"elementor-widget-container\">\n\t\t\t\t\t\t\t<div class=\"elementor-icon-box-wrapper\">\n\n\t\t\t\t\t\t<div class=\"elementor-icon-box-icon\">\n\t\t\t\t<a href=\"https:\/\/www.google.com\/maps\/dir\/\/Estr.+Buarque+de+Macedo,+N%C2%BA+2347+-+S%C3%A3o+Valentin,+Bento+Gon%C3%A7alves+-+RS,+95709-210\/@-29.0999925,-51.6237838,12z\/data=!4m8!4m7!1m0!1m5!1m1!1s0x951c3b46e8b8b3d9:0x44ee6665af545302!2m2!1d-51.5413824!2d-29.1000177?entry=ttu&#038;g_ep=EgoyMDI1MDYwMy4wIKXMDSoASAFQAw%3D%3D\" class=\"elementor-icon elementor-animation-\" tabindex=\"-1\">\n\t\t\t\t<i aria-hidden=\"true\" class=\"fas fa-map-marked-alt\"><\/i>\t\t\t\t<\/a>\n\t\t\t<\/div>\n\t\t\t\n\t\t\t\t\t\t<div class=\"elementor-icon-box-content\">\n\n\t\t\t\t\t\t\t\t\t<h3 class=\"elementor-icon-box-title\">\n\t\t\t\t\t\t<a href=\"https:\/\/www.google.com\/maps\/dir\/\/Estr.+Buarque+de+Macedo,+N%C2%BA+2347+-+S%C3%A3o+Valentin,+Bento+Gon%C3%A7alves+-+RS,+95709-210\/@-29.0999925,-51.6237838,12z\/data=!4m8!4m7!1m0!1m5!1m1!1s0x951c3b46e8b8b3d9:0x44ee6665af545302!2m2!1d-51.5413824!2d-29.1000177?entry=ttu&#038;g_ep=EgoyMDI1MDYwMy4wIKXMDSoASAFQAw%3D%3D\" >\n\t\t\t\t\t\t\tAddress\t\t\t\t\t\t<\/a>\n\t\t\t\t\t<\/h3>\n\t\t\t\t\n\t\t\t\t\t\t\t\t\t<p class=\"elementor-icon-box-description\">\n\t\t\t\t\t\tEstrada da Uva e do Vinho 2347, S\u00e3o Valentin, Bento Gon\u00e7alves - RS, 95709-210\t\t\t\t\t<\/p>\n\t\t\t\t\n\t\t\t<\/div>\n\t\t\t\n\t\t<\/div>\n\t\t\t\t\t\t<\/div>\n\t\t\t\t<\/div>\n\t\t\t\t\t<\/div>\n\t\t<\/div>\n\t\t\t\t\t<\/div>\n\t\t<\/section>\n\t\t\t\t<section class=\"elementor-section elementor-top-section elementor-element elementor-element-3eae2951 wd-section-stretch-content elementor-section-boxed elementor-section-height-default elementor-section-height-default\" data-id=\"3eae2951\" data-element_type=\"section\">\n\t\t\t\t\t\t<div class=\"elementor-container elementor-column-gap-no\">\n\t\t\t\t\t<div class=\"elementor-column elementor-col-100 elementor-top-column elementor-element elementor-element-23fe8bcd\" data-id=\"23fe8bcd\" data-element_type=\"column\">\n\t\t\t<div class=\"elementor-widget-wrap elementor-element-populated\">\n\t\t\t\t\t\t<div class=\"elementor-element elementor-element-b66e6ba elementor-widget elementor-widget-google_maps\" data-id=\"b66e6ba\" data-element_type=\"widget\" data-widget_type=\"google_maps.default\">\n\t\t\t\t<div class=\"elementor-widget-container\">\n\t\t\t\t\t\t\t<div class=\"elementor-custom-embed\">\n\t\t\t<iframe loading=\"lazy\"\n\t\t\t\t\tsrc=\"https:\/\/maps.google.com\/maps?q=casamia%20m%C3%B3veis&#038;t=m&#038;z=15&#038;output=embed&#038;iwloc=near\"\n\t\t\t\t\ttitle=\"Casamia furniture\"\n\t\t\t\t\taria-label=\"Casamia furniture\"\n\t\t\t><\/iframe>\n\t\t<\/div>\n\t\t\t\t\t\t<\/div>\n\t\t\t\t<\/div>\n\t\t\t\t\t<\/div>\n\t\t<\/div>\n\t\t\t\t\t<\/div>\n\t\t<\/section>\n\t\t\t\t<\/div>","protected":false},"excerpt":{"rendered":"<p>TEM ALGUMA D\u00daVIDA? ENTRE EM CONTATO CONOSCO Preencha o formul\u00e1rio e envie suas d\u00favidas, cr\u00edticas ou sugest\u00f5es, nossa equipe est\u00e1<\/p>","protected":false},"author":1,"featured_media":0,"parent":0,"menu_order":0,"comment_status":"closed","ping_status":"closed","template":"","meta":{"_eb_attr":"","_joinchat":[],"footnotes":""},"class_list":["post-16898","page","type-page","status-publish","hentry"],"_links":{"self":[{"href":"https:\/\/moveiscasamia.com.br\/en\/wp-json\/wp\/v2\/pages\/16898","targetHints":{"allow":["GET"]}}],"collection":[{"href":"https:\/\/moveiscasamia.com.br\/en\/wp-json\/wp\/v2\/pages"}],"about":[{"href":"https:\/\/moveiscasamia.com.br\/en\/wp-json\/wp\/v2\/types\/page"}],"author":[{"embeddable":true,"href":"https:\/\/moveiscasamia.com.br\/en\/wp-json\/wp\/v2\/users\/1"}],"replies":[{"embeddable":true,"href":"https:\/\/moveiscasamia.com.br\/en\/wp-json\/wp\/v2\/comments?post=16898"}],"version-history":[{"count":88,"href":"https:\/\/moveiscasamia.com.br\/en\/wp-json\/wp\/v2\/pages\/16898\/revisions"}],"predecessor-version":[{"id":19781,"href":"https:\/\/moveiscasamia.com.br\/en\/wp-json\/wp\/v2\/pages\/16898\/revisions\/19781"}],"wp:attachment":[{"href":"https:\/\/moveiscasamia.com.br\/en\/wp-json\/wp\/v2\/media?parent=16898"}],"curies":[{"name":"wp","href":"https:\/\/api.w.org\/{rel}","templated":true}]}}